{"id":63,"date":"2014-10-25T09:23:46","date_gmt":"2014-10-25T07:23:46","guid":{"rendered":"http:\/\/cms.metallbau-klappenberger.de\/?page_id=63"},"modified":"2022-06-18T18:47:25","modified_gmt":"2022-06-18T16:47:25","slug":"kontakt","status":"publish","type":"page","link":"https:\/\/www.metallbau-klappenberger.de\/cms\/kontakt\/","title":{"rendered":"Kontakt"},"content":{"rendered":"<h4>Sie m\u00f6chten f\u00fcr Ihr Projekt ein Angebot oder eine Beratung?<\/h4>\n<h4>Sehr gern! Doch bitte beachten Sie unsere: <a href=\"https:\/\/www.metallbau-klappenberger.de\/cms\/kontakt\/hinweise-fuer-anfragen\/\">&#8211; Hinweise f\u00fcr Anfragen &#8211;<\/a><\/h4>\n<p>\u00a0<\/p>\n<p>Pfingstweide 18, 61169 Friedberg<br \/>Tel: 06031 2693<br \/>Fax: 06031 63274<br \/>E-Mail: <a title=\"info(at)metallbau-klappenberger.de\" href=\"mailto:info(at)metallbau-klappenberger.de\">info(at)metallbau-klappenberger.de<\/a><\/p>\n<h4><img loading=\"lazy\" decoding=\"async\" class=\"alignright size-full wp-image-145\" title=\"Renate Klappenberger - Controlling, Rechnungswesen, Kundenbetreuung, Verwaltung\" src=\"http:\/\/www.metallbau-klappenberger.de\/kla\/wp\/wp-content\/uploads\/2014\/01\/r.png\" alt=\"Renate Klappenberger - Controlling, Rechnungswesen, Kundenbetreuung, Verwaltung\" width=\"130\" height=\"130\" \/><img loading=\"lazy\" decoding=\"async\" class=\"alignright wp-image-144\" title=\"J\u00f6rg Klappenberger - Kundenberatung, Angebotsbearbeitung, Planung, Ausf\u00fchrung\" src=\"http:\/\/www.metallbau-klappenberger.de\/kla\/wp\/wp-content\/uploads\/2014\/01\/j.png\" alt=\"J\u00f6rg Klappenberger - Kundenberatung, Angebotsbearbeitung, Planung, Ausf\u00fchrung\" width=\"130\" height=\"130\" \/><\/h4>\n<p style=\"text-align: right;\"><strong>Ansprechpartner:<\/strong><\/p>\n<p style=\"text-align: right;\"><a title=\"joerg(at)metallbau-klappenberger.de\" href=\"mailto:joerg(at)metallbau-klappenberger.de\">J\u00f6rg Klappenberger<\/a><\/p>\n<p style=\"text-align: right;\"><a title=\"renate(at)metallbau-klappenberger.de\" href=\"mailto:renate(at)metallbau-klappenberger.de\">Renate Klappenberger<\/a><\/p>\n<h2 style=\"text-align: left;\"><span style=\"color: #ffffff;\"><strong>\u00d6ffnungszeiten:<\/strong><\/span><\/h2>\n<p style=\"text-align: left;\"><strong>Werkstatt<\/strong>:<br \/>Mo-Do: 7:00 \u2013 12:20 Uhr und 13:00 \u2013 16:30 Uhr<br \/>Fr: 7:00 \u2013 13:00 Uhr<br \/>(oder nach Vereinbarung)<\/p>\n<p style=\"text-align: left;\"><strong>B\u00fcro: <\/strong><br \/>Mo-Do: 8:00 \u2013 12:15 Uhr und 13:15 \u2013 16:00 Uhr<br \/>Fr: 8:00 \u2013 1300 Uhr<br \/>(oder nach Vereinbarung)<\/p>\n<p>\u00a0<\/p>\n\n\n<p><\/p>\n","protected":false},"excerpt":{"rendered":"<p>Sie m\u00f6chten f\u00fcr Ihr Projekt ein Angebot oder eine Beratung? Sehr gern! Doch bitte beachten Sie unsere: &#8211; Hinweise f\u00fcr Anfragen &#8211; \u00a0 Pfingstweide 18, [&hellip;]<\/p>\n","protected":false},"author":1,"featured_media":0,"parent":0,"menu_order":0,"comment_status":"open","ping_status":"open","template":"","meta":{"footnotes":"","_links_to":"","_links_to_target":""},"_links":{"self":[{"href":"https:\/\/www.metallbau-klappenberger.de\/cms\/wp-json\/wp\/v2\/pages\/63"}],"collection":[{"href":"https:\/\/www.metallbau-klappenberger.de\/cms\/wp-json\/wp\/v2\/pages"}],"about":[{"href":"https:\/\/www.metallbau-klappenberger.de\/cms\/wp-json\/wp\/v2\/types\/page"}],"author":[{"embeddable":true,"href":"https:\/\/www.metallbau-klappenberger.de\/cms\/wp-json\/wp\/v2\/users\/1"}],"replies":[{"embeddable":true,"href":"https:\/\/www.metallbau-klappenberger.de\/cms\/wp-json\/wp\/v2\/comments?post=63"}],"version-history":[{"count":17,"href":"https:\/\/www.metallbau-klappenberger.de\/cms\/wp-json\/wp\/v2\/pages\/63\/revisions"}],"predecessor-version":[{"id":354,"href":"https:\/\/www.metallbau-klappenberger.de\/cms\/wp-json\/wp\/v2\/pages\/63\/revisions\/354"}],"wp:attachment":[{"href":"https:\/\/www.metallbau-klappenberger.de\/cms\/wp-json\/wp\/v2\/media?parent=63"}],"curies":[{"name":"wp","href":"https:\/\/api.w.org\/{rel}","templated":true}]}}