{"id":35,"date":"2014-10-24T08:09:14","date_gmt":"2014-10-24T06:09:14","guid":{"rendered":"http:\/\/cms.metallbau-klappenberger.de\/?page_id=35"},"modified":"2016-08-06T19:12:26","modified_gmt":"2016-08-06T17:12:26","slug":"impressum","status":"publish","type":"page","link":"https:\/\/www.metallbau-klappenberger.de\/cms\/impressum\/","title":{"rendered":"Impressum"},"content":{"rendered":"<p>Metallbau Klappenberger<br \/>\nPfingstweide 18<br \/>\n61169 Friedberg<\/p>\n<p>Telefon : 06031 &#8211; 2693<br \/>\nFax : 06031 &#8211; 63274<\/p>\n<p>eMail :<a href=\"mailto:info@Metallbau-Klappenberger.de\">info@Metallbau-Klappenberger.de<\/a><\/p>\n<p>&nbsp;<\/p>\n<p><strong>Inhaber:<\/strong><\/p>\n<p>J\u00f6rg Klappenberger<\/p>\n<address style=\"padding-left: 30px;\">\u00a0Staatlich gepr\u00fcfter Metallbautechniker, Metallbaumeister (Deutschland) gem\u00e4\u00df Handwerksordnung<\/address>\n<p>&nbsp;<\/p>\n<p><b>Kammer:<\/b><\/p>\n<p>Handwerkskammer Wiesbaden<br \/>\nBahnhofsstr. 63<br \/>\n65185 Wiesbaden<\/p>\n<p>Postfach 2960<br \/>\n65019 Wiesbaden<\/p>\n<p>&nbsp;<\/p>\n<p><strong>Redaktionelle Verantwortung :<\/strong><\/p>\n<p style=\"padding-left: 30px;\">\u00a0J\u00f6rg Klappenberger<\/p>\n","protected":false},"excerpt":{"rendered":"<p>Metallbau Klappenberger Pfingstweide 18 61169 Friedberg Telefon : 06031 &#8211; 2693 Fax : 06031 &#8211; 63274 eMail :info@Metallbau-Klappenberger.de &nbsp; Inhaber: J\u00f6rg Klappenberger \u00a0Staatlich gepr\u00fcfter Metallbautechniker, [&hellip;]<\/p>\n","protected":false},"author":1,"featured_media":0,"parent":0,"menu_order":0,"comment_status":"closed","ping_status":"closed","template":"","meta":{"footnotes":"","_links_to":"","_links_to_target":""},"_links":{"self":[{"href":"https:\/\/www.metallbau-klappenberger.de\/cms\/wp-json\/wp\/v2\/pages\/35"}],"collection":[{"href":"https:\/\/www.metallbau-klappenberger.de\/cms\/wp-json\/wp\/v2\/pages"}],"about":[{"href":"https:\/\/www.metallbau-klappenberger.de\/cms\/wp-json\/wp\/v2\/types\/page"}],"author":[{"embeddable":true,"href":"https:\/\/www.metallbau-klappenberger.de\/cms\/wp-json\/wp\/v2\/users\/1"}],"replies":[{"embeddable":true,"href":"https:\/\/www.metallbau-klappenberger.de\/cms\/wp-json\/wp\/v2\/comments?post=35"}],"version-history":[{"count":14,"href":"https:\/\/www.metallbau-klappenberger.de\/cms\/wp-json\/wp\/v2\/pages\/35\/revisions"}],"predecessor-version":[{"id":92,"href":"https:\/\/www.metallbau-klappenberger.de\/cms\/wp-json\/wp\/v2\/pages\/35\/revisions\/92"}],"wp:attachment":[{"href":"https:\/\/www.metallbau-klappenberger.de\/cms\/wp-json\/wp\/v2\/media?parent=35"}],"curies":[{"name":"wp","href":"https:\/\/api.w.org\/{rel}","templated":true}]}}