{"id":197,"date":"2016-08-08T19:19:49","date_gmt":"2016-08-08T17:19:49","guid":{"rendered":"http:\/\/cms.metallbau-klappenberger.de\/?page_id=197"},"modified":"2016-08-08T19:38:03","modified_gmt":"2016-08-08T17:38:03","slug":"hinweise-fuer-anfragen","status":"publish","type":"page","link":"https:\/\/www.metallbau-klappenberger.de\/cms\/kontakt\/hinweise-fuer-anfragen\/","title":{"rendered":"Hinweise f\u00fcr Anfragen"},"content":{"rendered":"<h4>Sie habe eine Anfrage f\u00fcr Ihr Projekt?<\/h4>\n<h4>Sehr gerne! Senden Sie uns Ihre Anfrage per E-Mail. Wir w\u00fcrden uns freuen wenn Sie uns dabei durch folgende Punkte die Arbeit etwas erleichtern:<\/h4>\n<p>In Zeiten von Internet und Onlineshopping sind kleine und mittelst\u00e4ndige Unternehmen zunehmend mit einer Flut aus Preisanfragen konfrontiert. Da wir \u00fcberwiegend Ma\u00dfanfertigungen herstellen ist die Erstellung eines Angebotes wesentlich mehr Aufwand als das einfache ablesen eine Preises aus einer Tabelle. Wir sind bem\u00fcht m\u00f6glichst alle Anfragen zu bearbeiten, bitten aber um Ihr Verst\u00e4ndnis wenn es hierbei zu ein paar Tagen Bearbeitungszeit kommen kann.<\/p>\n<p>&nbsp;<\/p>\n<h5>Zudem bitten wir zu bei Ihrer Anfrage auf folgende Punkte zu achten:<\/h5>\n<p>&nbsp;<\/p>\n<ul>\n<li>Eindeutige Abesendername bei Emails verwenden, Kunstnamen, Initialen etc. werden oft als Spam gedeutet. Bsp: <strong>Max Mustermann <\/strong>und <span style=\"text-decoration: underline;\">nicht<\/span> <strong>Maxi<\/strong> oder <strong>M.M.<\/strong><\/li>\n<li>Betreff bitte mit Anfrage und kurzen Stichpunkten &#8211; Bsp: <strong>Anfrage &#8211; Balkongel\u00e4nder in Friedberg<\/strong><\/li>\n<li>Text mit kurzer Zusammenfassung Erkl\u00e4rung<\/li>\n<li>Wenn vorhanden darf auch gern eine Skizze oder Fotos angeh\u00e4ngt werden<\/li>\n<li>Wichtig: Name und Adresse der Baustelle &#8211; Anfragen ohne diese Angaben werden nicht bearbeitet!<\/li>\n<li>ggf. Telefonnummer f\u00fcr R\u00fcckfragen<\/li>\n<li>Bei Anfragen f\u00fcr Baustellen in einer Entfernung von mehr als 100km Entfernung von unserer Werkstatt bitte wir um vorherige telefonische Kontaktaufnahme.<\/li>\n<\/ul>\n<p>&nbsp;<\/p>\n<h5>Hinweise f\u00fcr Architekten \/ Bautr\u00e4ger:<\/h5>\n<ul>\n<li>Mails mit Ausschreibungen und LVs im Anhang sollten ohne Vorank\u00fcndigung 5MB nicht \u00fcberschreiten.<\/li>\n<\/ul>\n<p>&nbsp;<\/p>\n<h4>Wir bedanken uns f\u00fcr Ihr Verst\u00e4ndnis und freuen uns auf Ihre Anfrage!<\/h4>\n<p><a href=\"mailto:info(at)metallbau-klappenberger.de\">info(at)metallbau-klappenberger.de<\/a><\/p>\n","protected":false},"excerpt":{"rendered":"<p>Sie habe eine Anfrage f\u00fcr Ihr Projekt? Sehr gerne! Senden Sie uns Ihre Anfrage per E-Mail. Wir w\u00fcrden uns freuen wenn Sie uns dabei durch [&hellip;]<\/p>\n","protected":false},"author":1,"featured_media":0,"parent":63,"menu_order":0,"comment_status":"closed","ping_status":"closed","template":"","meta":{"footnotes":"","_links_to":"","_links_to_target":""},"_links":{"self":[{"href":"https:\/\/www.metallbau-klappenberger.de\/cms\/wp-json\/wp\/v2\/pages\/197"}],"collection":[{"href":"https:\/\/www.metallbau-klappenberger.de\/cms\/wp-json\/wp\/v2\/pages"}],"about":[{"href":"https:\/\/www.metallbau-klappenberger.de\/cms\/wp-json\/wp\/v2\/types\/page"}],"author":[{"embeddable":true,"href":"https:\/\/www.metallbau-klappenberger.de\/cms\/wp-json\/wp\/v2\/users\/1"}],"replies":[{"embeddable":true,"href":"https:\/\/www.metallbau-klappenberger.de\/cms\/wp-json\/wp\/v2\/comments?post=197"}],"version-history":[{"count":13,"href":"https:\/\/www.metallbau-klappenberger.de\/cms\/wp-json\/wp\/v2\/pages\/197\/revisions"}],"predecessor-version":[{"id":213,"href":"https:\/\/www.metallbau-klappenberger.de\/cms\/wp-json\/wp\/v2\/pages\/197\/revisions\/213"}],"up":[{"embeddable":true,"href":"https:\/\/www.metallbau-klappenberger.de\/cms\/wp-json\/wp\/v2\/pages\/63"}],"wp:attachment":[{"href":"https:\/\/www.metallbau-klappenberger.de\/cms\/wp-json\/wp\/v2\/media?parent=197"}],"curies":[{"name":"wp","href":"https:\/\/api.w.org\/{rel}","templated":true}]}}