{"id":190,"date":"2016-08-07T21:25:27","date_gmt":"2016-08-07T19:25:27","guid":{"rendered":"http:\/\/cms.metallbau-klappenberger.de\/?page_id=190"},"modified":"2022-06-19T12:12:14","modified_gmt":"2022-06-19T10:12:14","slug":"ausbildung","status":"publish","type":"page","link":"https:\/\/www.metallbau-klappenberger.de\/cms\/unternehmen\/ausbildung\/","title":{"rendered":"Ausbildung"},"content":{"rendered":"\n<h3 class=\"wp-block-heading\">Wir bilden aus!<\/h3>\n\n\n\n<p> <\/p>\n\n\n\n<h4 class=\"wp-block-heading\">Schon immer war die Weitergabe von Wissen und Fertigkeiten an die n\u00e4chste Generation eine essentielle S\u00e4ule des Handwerks. Daher bilden wir schon seit unserer Firmengr\u00fcndung im Jahr 1984 nahezu nahtlos junge Menschen in unserem Handwerk aus.<\/h4>\n\n\n\n<p> <\/p>\n\n\n\n<h4 class=\"wp-block-heading\">In Zeiten von zunehmendem Fachkr\u00e4ftemangel und immer l\u00e4ngeren Wartezeiten auf Handwerker ist dies wichtiger als je zuvor.<\/h4>\n\n\n\n<p> <\/p>\n\n\n\n<h4 class=\"wp-block-heading\">Wir suchen daher zu jedem neuen Schul- bzw. Lehrjahr motivierte Auszubildende, denen wir mit Freude und Engagement den interessanten und vielseitigen Beruf des Metallbauers vermitteln k\u00f6nnen.<\/h4>\n\n\n\n<p> <\/p>\n\n\n\n<h4 class=\"wp-block-heading\"><a href=\"https:\/\/www.metallbau-klappenberger.de\/cms\/ausbildungsplatz-als-metallbauerin-fachrichtung-konstruktionstechnik\/\">Weitere Informationen dazu sind hier zu finden.<\/a><\/h4>\n\n\n\n<p> <\/p>\n\n\n\n<h4 class=\"wp-block-heading\">Wir freuen uns \u00fcber jede Bewerbung!<\/h4>\n","protected":false},"excerpt":{"rendered":"<p>Wir bilden aus! Schon immer war die Weitergabe von Wissen und Fertigkeiten an die n\u00e4chste Generation eine essentielle S\u00e4ule des Handwerks. Daher bilden wir schon [&hellip;]<\/p>\n","protected":false},"author":1,"featured_media":0,"parent":143,"menu_order":0,"comment_status":"closed","ping_status":"closed","template":"","meta":{"footnotes":"","_links_to":"","_links_to_target":""},"_links":{"self":[{"href":"https:\/\/www.metallbau-klappenberger.de\/cms\/wp-json\/wp\/v2\/pages\/190"}],"collection":[{"href":"https:\/\/www.metallbau-klappenberger.de\/cms\/wp-json\/wp\/v2\/pages"}],"about":[{"href":"https:\/\/www.metallbau-klappenberger.de\/cms\/wp-json\/wp\/v2\/types\/page"}],"author":[{"embeddable":true,"href":"https:\/\/www.metallbau-klappenberger.de\/cms\/wp-json\/wp\/v2\/users\/1"}],"replies":[{"embeddable":true,"href":"https:\/\/www.metallbau-klappenberger.de\/cms\/wp-json\/wp\/v2\/comments?post=190"}],"version-history":[{"count":7,"href":"https:\/\/www.metallbau-klappenberger.de\/cms\/wp-json\/wp\/v2\/pages\/190\/revisions"}],"predecessor-version":[{"id":380,"href":"https:\/\/www.metallbau-klappenberger.de\/cms\/wp-json\/wp\/v2\/pages\/190\/revisions\/380"}],"up":[{"embeddable":true,"href":"https:\/\/www.metallbau-klappenberger.de\/cms\/wp-json\/wp\/v2\/pages\/143"}],"wp:attachment":[{"href":"https:\/\/www.metallbau-klappenberger.de\/cms\/wp-json\/wp\/v2\/media?parent=190"}],"curies":[{"name":"wp","href":"https:\/\/api.w.org\/{rel}","templated":true}]}}