{"id":131,"date":"2016-08-07T12:25:19","date_gmt":"2016-08-07T10:25:19","guid":{"rendered":"http:\/\/cms.metallbau-klappenberger.de\/?page_id=131"},"modified":"2016-08-07T12:55:35","modified_gmt":"2016-08-07T10:55:35","slug":"geschichte","status":"publish","type":"page","link":"https:\/\/www.metallbau-klappenberger.de\/cms\/unternehmen\/geschichte\/","title":{"rendered":"Geschichte"},"content":{"rendered":"<h3>Geschichte und Gegenwart:<\/h3>\n<p><a href=\"http:\/\/cms.metallbau-klappenberger.de\/wp-content\/uploads\/2016\/08\/Firmenschild_1984.png\"><img loading=\"lazy\" decoding=\"async\" class=\"wp-image-134 alignleft\" src=\"http:\/\/cms.metallbau-klappenberger.de\/wp-content\/uploads\/2016\/08\/Firmenschild_1984-300x202.png\" alt=\"Firmenschild 1984\" width=\"153\" height=\"103\" srcset=\"https:\/\/www.metallbau-klappenberger.de\/cms\/wp-content\/uploads\/2016\/08\/Firmenschild_1984-300x202.png 300w, https:\/\/www.metallbau-klappenberger.de\/cms\/wp-content\/uploads\/2016\/08\/Firmenschild_1984-768x517.png 768w, https:\/\/www.metallbau-klappenberger.de\/cms\/wp-content\/uploads\/2016\/08\/Firmenschild_1984-1024x689.png 1024w\" sizes=\"(max-width: 153px) 100vw, 153px\" \/><\/a>Unser Unternehmen wurde 1984 von dem Schlossermeister Walter Klappenberger als Bau- und Kunstschlosserei gegr\u00fcndet. Zun\u00e4chst als kleiner Ein-Mann-<a href=\"http:\/\/cms.metallbau-klappenberger.de\/wp-content\/uploads\/2016\/08\/Werkstatt-1984.jpg\"><img loading=\"lazy\" decoding=\"async\" class=\" wp-image-136 alignright\" src=\"http:\/\/cms.metallbau-klappenberger.de\/wp-content\/uploads\/2016\/08\/Werkstatt-1984-300x209.jpg\" alt=\"Werkstatt 1984\" width=\"200\" height=\"140\" srcset=\"https:\/\/www.metallbau-klappenberger.de\/cms\/wp-content\/uploads\/2016\/08\/Werkstatt-1984-300x209.jpg 300w, https:\/\/www.metallbau-klappenberger.de\/cms\/wp-content\/uploads\/2016\/08\/Werkstatt-1984-768x536.jpg 768w, https:\/\/www.metallbau-klappenberger.de\/cms\/wp-content\/uploads\/2016\/08\/Werkstatt-1984.jpg 902w\" sizes=\"(max-width: 200px) 100vw, 200px\" \/><\/a>Betrieb wurde ineiner kleinen Werkstatt im Friedberger Stadtteil Ossenheim produziert.<\/p>\n<p>Doch schnell entwickelte sich gr\u00f6\u00dferes Unternehmen, sodass die Betriebsst\u00e4tte zu klein wurde. Bereits 1987 wurde der Neubau der neues Firmensitzes beschlossen, welcher bereits im Fr\u00fchjahr 1988 bezogen werden konnte. Seither produzieren wir in der Pfingstweide 18 im Industriegebiet S\u00fcd in Friedberg.<\/p>\n<p><a href=\"http:\/\/cms.metallbau-klappenberger.de\/wp-content\/uploads\/2016\/08\/Werkstatt-1984-19880005.jpg\"><img loading=\"lazy\" decoding=\"async\" class=\"wp-image-138 alignleft\" src=\"http:\/\/cms.metallbau-klappenberger.de\/wp-content\/uploads\/2016\/08\/Werkstatt-1984-19880005-300x205.jpg\" alt=\"Logo 1990\" width=\"148\" height=\"101\" srcset=\"https:\/\/www.metallbau-klappenberger.de\/cms\/wp-content\/uploads\/2016\/08\/Werkstatt-1984-19880005-300x205.jpg 300w, https:\/\/www.metallbau-klappenberger.de\/cms\/wp-content\/uploads\/2016\/08\/Werkstatt-1984-19880005.jpg 488w\" sizes=\"(max-width: 148px) 100vw, 148px\" \/><\/a><\/p>\n<p>Den urspr\u00fcnglichen Produktumfang erweitere Walter Klappenberger st\u00e4ndig. So kam zu den klassischen Schlosserarbeiten schnell die <a href=\"http:\/\/cms.metallbau-klappenberger.de\/wp-content\/uploads\/2016\/08\/Pfingstweide-1988.jpg\"><img loading=\"lazy\" decoding=\"async\" class=\"wp-image-137 alignright\" src=\"http:\/\/cms.metallbau-klappenberger.de\/wp-content\/uploads\/2016\/08\/Pfingstweide-1988-300x217.jpg\" alt=\"Pfingstweide 1988\" width=\"200\" height=\"145\" srcset=\"https:\/\/www.metallbau-klappenberger.de\/cms\/wp-content\/uploads\/2016\/08\/Pfingstweide-1988-300x217.jpg 300w, https:\/\/www.metallbau-klappenberger.de\/cms\/wp-content\/uploads\/2016\/08\/Pfingstweide-1988-768x554.jpg 768w, https:\/\/www.metallbau-klappenberger.de\/cms\/wp-content\/uploads\/2016\/08\/Pfingstweide-1988-1024x739.jpg 1024w, https:\/\/www.metallbau-klappenberger.de\/cms\/wp-content\/uploads\/2016\/08\/Pfingstweide-1988.jpg 1169w\" sizes=\"(max-width: 200px) 100vw, 200px\" \/><\/a>Verarbeitung von Aluminium Systemprofilen sowie die Edelstahl- und Blechverarbeitung hinzu. Aus der Bau- und Kunstschlosserei wurde so bereits Anfang der 90er Jahre die Firma Metallbau Metallbau Klappenberger.<\/p>\n<p>&nbsp;<\/p>\n<p><a href=\"http:\/\/cms.metallbau-klappenberger.de\/wp-content\/uploads\/2016\/08\/Logo-1994.jpg\"><img loading=\"lazy\" decoding=\"async\" class=\"wp-image-139 size-medium aligncenter\" src=\"http:\/\/cms.metallbau-klappenberger.de\/wp-content\/uploads\/2016\/08\/Logo-1994-300x115.jpg\" alt=\"Logo 1994\" width=\"300\" height=\"115\" srcset=\"https:\/\/www.metallbau-klappenberger.de\/cms\/wp-content\/uploads\/2016\/08\/Logo-1994-300x115.jpg 300w, https:\/\/www.metallbau-klappenberger.de\/cms\/wp-content\/uploads\/2016\/08\/Logo-1994-768x295.jpg 768w, https:\/\/www.metallbau-klappenberger.de\/cms\/wp-content\/uploads\/2016\/08\/Logo-1994-1024x393.jpg 1024w, https:\/\/www.metallbau-klappenberger.de\/cms\/wp-content\/uploads\/2016\/08\/Logo-1994.jpg 1143w\" sizes=\"(max-width: 300px) 100vw, 300px\" \/><\/a><\/p>\n<p>Im Jahr 2004, nach abgeschlossener Ausbildung zum staatlich gepr\u00fcften Metallbautechniker und erfolgreicher Meisterpr\u00fcfung stie\u00df Walter&#8217;s Sohn, J\u00f6rg Klappenberger zu dem Unternehmen zun\u00e4chst als Meister, ab 2007 dann als Teilhaber dem Unternehmen hinzu. Fortan wurde die Firma von Vater und Sohn zu gleichen Teilen als die Metallbau Walter &amp; J\u00f6rg Klappenberger GbR gef\u00fchrt. Gemeinsam wurde das Produktportfolio zu unserem heutigen Angebot an individuellen hochwertigen Metallbauprodukten verfeinert.<\/p>\n<p><a href=\"http:\/\/cms.metallbau-klappenberger.de\/wp-content\/uploads\/2014\/05\/IMG_1803.jpg\"><img loading=\"lazy\" decoding=\"async\" class=\"size-medium wp-image-18 aligncenter\" src=\"http:\/\/cms.metallbau-klappenberger.de\/wp-content\/uploads\/2014\/05\/IMG_1803-300x200.jpg\" alt=\"Pfingstweide 2009\" width=\"300\" height=\"200\" srcset=\"https:\/\/www.metallbau-klappenberger.de\/cms\/wp-content\/uploads\/2014\/05\/IMG_1803-300x200.jpg 300w, https:\/\/www.metallbau-klappenberger.de\/cms\/wp-content\/uploads\/2014\/05\/IMG_1803-1024x682.jpg 1024w\" sizes=\"(max-width: 300px) 100vw, 300px\" \/><\/a><\/p>\n<p>Seit 2015 f\u00fchrt J\u00f6rg Klappenberger das Unternehmen wieder unter dem bekannten Namen Metallbau Klappenberger weiter. Wir besch\u00e4ftigen weiterhin mehrere Mitarbeiter die zum Teil schon viele Jahre zu unserem Team geh\u00f6ren.<\/p>\n<p>Auf Beratung, fachgerechte und p\u00fcnktliche Ausf\u00fchrung legen wir nach wie vor besonderen Wert. Stets unter dem Motto: &#8222;Der Kunde soll wieder kommen, aber nicht das Produkt&#8220;<\/p>\n<p>Gerne planen und verwirklichen wir ihr n\u00e4chstes Projekt, sprechen Sie uns an!<\/p>\n","protected":false},"excerpt":{"rendered":"<p>Geschichte und Gegenwart: Unser Unternehmen wurde 1984 von dem Schlossermeister Walter Klappenberger als Bau- und Kunstschlosserei gegr\u00fcndet. Zun\u00e4chst als kleiner Ein-Mann-Betrieb wurde ineiner kleinen Werkstatt [&hellip;]<\/p>\n","protected":false},"author":1,"featured_media":0,"parent":143,"menu_order":0,"comment_status":"closed","ping_status":"closed","template":"","meta":{"footnotes":"","_links_to":"","_links_to_target":""},"_links":{"self":[{"href":"https:\/\/www.metallbau-klappenberger.de\/cms\/wp-json\/wp\/v2\/pages\/131"}],"collection":[{"href":"https:\/\/www.metallbau-klappenberger.de\/cms\/wp-json\/wp\/v2\/pages"}],"about":[{"href":"https:\/\/www.metallbau-klappenberger.de\/cms\/wp-json\/wp\/v2\/types\/page"}],"author":[{"embeddable":true,"href":"https:\/\/www.metallbau-klappenberger.de\/cms\/wp-json\/wp\/v2\/users\/1"}],"replies":[{"embeddable":true,"href":"https:\/\/www.metallbau-klappenberger.de\/cms\/wp-json\/wp\/v2\/comments?post=131"}],"version-history":[{"count":6,"href":"https:\/\/www.metallbau-klappenberger.de\/cms\/wp-json\/wp\/v2\/pages\/131\/revisions"}],"predecessor-version":[{"id":349,"href":"https:\/\/www.metallbau-klappenberger.de\/cms\/wp-json\/wp\/v2\/pages\/131\/revisions\/349"}],"up":[{"embeddable":true,"href":"https:\/\/www.metallbau-klappenberger.de\/cms\/wp-json\/wp\/v2\/pages\/143"}],"wp:attachment":[{"href":"https:\/\/www.metallbau-klappenberger.de\/cms\/wp-json\/wp\/v2\/media?parent=131"}],"curies":[{"name":"wp","href":"https:\/\/api.w.org\/{rel}","templated":true}]}}